{"id":5504,"date":"2019-01-19T15:15:51","date_gmt":"2019-01-19T18:15:51","guid":{"rendered":"https:\/\/www.meuautotrac.com.br\/?post_type=product&#038;p=5504"},"modified":"2025-11-04T16:52:32","modified_gmt":"2025-11-04T19:52:32","slug":"one-carro","status":"publish","type":"product","link":"https:\/\/www.autotrac.com.br\/loja\/produto\/one-carro\/","title":{"rendered":"ONE CARRO"},"content":{"rendered":"<p>O Rastreador para moto Autotrac One Moto usa a tecnologia mais<br \/>\nconfi\u00e1vel. A transmiss\u00e3o de dados \u00e9 feita por GPRS (rede celular<br \/>\nGSM), e o posicionamento \u00e9 acompanhado via GPS (sistema de<br \/>\nposicionamento global por sat\u00e9lite) por tempo e mudan\u00e7a de curso<br \/>\n(curva, retorno ou altera\u00e7\u00e3o no sentido de deslocamento). O sistema<br \/>\n\u00e9 composto de duas partes, o rastreador, que \u00e9 instalado na moto,<br \/>\ne um aplicativo para smartphones e tablets, para seu acesso<br \/>\nm\u00f3vel imediato.<br \/>\nVoc\u00ea pode definir, em um mapa, a regi\u00e3o onde seu ve\u00edculo<br \/>\nnormalmente circular\u00e1 (cerca eletr\u00f4nica), tamb\u00e9m pode fazer o<br \/>\ncheck-in em um determinado lugar (registrar sua chegada) e<br \/>\nconfigurar os avisos ou alertas do sistema.<\/p>\n","protected":false},"excerpt":{"rendered":"<p>O Rastreador para moto Autotrac One Moto usa a tecnologia mais<br \/>\nconfi\u00e1vel. A transmiss\u00e3o de dados \u00e9 feita por GPRS (rede celular<br \/>\nGSM), e o posicionamento \u00e9 acompanhado via GPS (sistema de<br \/>\nposicionamento global por sat\u00e9lite) por tempo e mudan\u00e7a de curso<br \/>\n(curva, retorno ou altera\u00e7\u00e3o no sentido de deslocamento).<\/p>\n","protected":false},"featured_media":0,"comment_status":"closed","ping_status":"closed","template":"","meta":[],"product_brand":[],"product_cat":[363],"product_tag":[],"class_list":{"0":"post-5504","1":"product","2":"type-product","3":"status-publish","5":"product_cat-uncategorized","7":"first","8":"instock","9":"shipping-taxable","10":"purchasable","11":"product-type-simple"},"jetpack_sharing_enabled":true,"_links":{"self":[{"href":"https:\/\/www.autotrac.com.br\/loja\/wp-json\/wp\/v2\/product\/5504","targetHints":{"allow":["GET"]}}],"collection":[{"href":"https:\/\/www.autotrac.com.br\/loja\/wp-json\/wp\/v2\/product"}],"about":[{"href":"https:\/\/www.autotrac.com.br\/loja\/wp-json\/wp\/v2\/types\/product"}],"replies":[{"embeddable":true,"href":"https:\/\/www.autotrac.com.br\/loja\/wp-json\/wp\/v2\/comments?post=5504"}],"wp:attachment":[{"href":"https:\/\/www.autotrac.com.br\/loja\/wp-json\/wp\/v2\/media?parent=5504"}],"wp:term":[{"taxonomy":"product_brand","embeddable":true,"href":"https:\/\/www.autotrac.com.br\/loja\/wp-json\/wp\/v2\/product_brand?post=5504"},{"taxonomy":"product_cat","embeddable":true,"href":"https:\/\/www.autotrac.com.br\/loja\/wp-json\/wp\/v2\/product_cat?post=5504"},{"taxonomy":"product_tag","embeddable":true,"href":"https:\/\/www.autotrac.com.br\/loja\/wp-json\/wp\/v2\/product_tag?post=5504"}],"curies":[{"name":"wp","href":"https:\/\/api.w.org\/{rel}","templated":true}]}}